{"id":6044,"date":"2019-12-05T17:00:36","date_gmt":"2019-12-05T17:00:36","guid":{"rendered":"http:\/\/anteprimatessuti.it\/privacy-policy\/"},"modified":"2024-05-08T15:06:54","modified_gmt":"2024-05-08T15:06:54","slug":"privacy-policy","status":"publish","type":"page","link":"https:\/\/anteprimatessuti.it\/en\/privacy-policy\/","title":{"rendered":"Privacy Policy"},"content":{"rendered":"<div class=\"wpb-content-wrapper\"><p>[vc_row][vc_column][vc_empty_space height=&#8221;180px&#8221;][vc_empty_space height=&#8221;50px&#8221;][vc_custom_heading text=&#8221;PRIVACY POLICY&#8221; font_container=&#8221;tag:h1|font_size:36px|text_align:center|color:%23000000|line_height:38px&#8221; use_theme_fonts=&#8221;yes&#8221;][\/vc_column][\/vc_row][vc_row][vc_column][vc_separator color=&#8221;custom&#8221; border_width=&#8221;10&#8243; el_width=&#8221;10&#8243; accent_color=&#8221;#00bbbc&#8221;][vc_column_text el_class=&#8221;boxedcontent&#8221;]Informativa sul trattamento dei dati personali \u2013 Art. 13 \u2013 Regolamento UE 679\/2016<\/p>\n<p>Le suindicate disposizioni normative regolano la riservatezza dei dati personali ed impongono una serie di obblighi in capo a chi tratta informazioni riferite ad altri soggetti. Tra gli adempimenti da rispettare c\u2019\u00e8 quello di informare adeguatamente la persona fisica a cui i dati si riferiscono (Interessato) in merito all\u2019utilizzo che viene fatto dei relativi dati affinch\u00e9 il consenso al trattamento degli stessi sia liberamente espresso ed inequivocabile.<\/p>\n<p>Anteprima S.p.A. tutela la privacy dei visitatori del proprio sito web www.anteprimatessuti.it adottando le misure pi\u00f9 idonee alla tutela dei dati personali secondo le disposizioni di legge.<\/p>\n<p>L\u2019informativa riguarda soltanto il sito www.anteprimatessuti.it e non anche altri siti web raggiunti dall\u2019utente tramite link.<\/p>\n<p>In osservanza alle disposizioni citate Le forniamo pertanto le seguenti informazioni:<\/p>\n<p>Titolare del Trattamento<br \/>\nANTEPRIMA S.p.A.<br \/>\nVia Montalese 33\/35<br \/>\n59013 \u2013 MONTEMURLO (PO)<br \/>\ntelefono : 0574 686801<br \/>\nID NR.P.IVA \/ C.F. IT01804520979<br \/>\nEmail : info@anteprimatessuti.it \u2013 PEC anteprima@sicurezzapostale.it<\/p>\n<p>Finalit\u00e0 e base giuridica del Trattamento<br \/>\nI dati comunicati attraverso il form di contatto del sito oppure utilizzando i dati di contatto pubblicati sul sito (email, telefono, fax) saranno trattati per permettere al Titolare di formulare una risposta adeguata o eseguire un incarico ricevuto. La base giuridica \u00e8 riscontrabile nell\u2019esecuzione di un contratto o di misure precontrattuali di cui l\u2019Interessato \u00e8 parte (GDPR 679\/2016 \u2013 art. 6 par. 1.b).<\/p>\n<p>Modalit\u00e0 del trattamento<br \/>\nI Suoi dati personali saranno trattati in formato elettronico e in formato cartaceo da soggetti autorizzati al trattamento, costantemente identificati, opportunamente istruiti e resi edotti dei vincoli imposti dalla normativa in materia, con l\u2019impiego di misure di sicurezza atte a garantire la riservatezza del soggetto interessato i cui dati si riferiscono e ad evitare l\u2019indebito accesso a soggetti terzi o a personale non autorizzato.<\/p>\n<p>Periodo di conservazione dei dati<br \/>\nLa conservazione dei dati avviene per il tempo strettamente necessario all\u2018adempimento della finalit\u00e0 per cui sono stati raccolti, ivi compreso l\u2019adempimento degli obblighi legali e fiscali derivanti, le operazioni di incasso\/pagamento, la gestione di eventuali garanzie sul servizio\/prodotto e altri diritti. Quando i dati personali diventano non pi\u00f9 funzionali alle finalit\u00e0 per le quali sono stati raccolti, e non ci sono motivi legali di conservazione, saranno cancellati.<br \/>\nI dati personali saranno cancellati anche in caso di revoca del consenso specifico da parte dell\u2019interessato.<br \/>\nLa durata della conservazione dei dati potr\u00e0 dipendere anche dalla normativa fiscale ed altre leggi nazionali ed europee.<\/p>\n<p>Diritti dell\u2019Interessato<br \/>\nSi informa l\u2019Interessato che potr\u00e0 chiedere al Titolare :<br \/>\n\u2022 l\u2019accesso ai Suoi dati personali (art. 15 Regolamento UE 679\/2016) e alle seguenti informazioni :<br \/>\n\u2022 l\u2019integrazione dei dati quando siano variati (art. 16 Regolamento UE 679\/2016)<br \/>\n\u2022 la rettifica dei dati (art. 16 Regolamento UE 679\/2016)<br \/>\n\u2022 la cancellazione o l\u2019oblio a seconda dei casi (art. 17 Regolamento UE 679\/2016)<br \/>\n\u2022 la limitazione del trattamento perch\u00e9 ad es. alcuni dati sono in eccesso rispetto alle finalit\u00e0 da espletare (art. 18 Regolamento UE 679\/2016)<br \/>\n\u2022 la portabilit\u00e0 nel senso di trasferire i dati ad altro titolare senza aggravi o spese a Suo carico (art. 20 Regolamento UE 679\/2016)<br \/>\nL\u2019interessato ha inoltre il diritto<br \/>\n\u2022 di opporsi al trattamento per motivi legittimi (art. 21 Regolamento UE 679\/2016)<br \/>\n\u2022 di revocare il consenso in qualsiasi momento senza pregiudicare la liceit\u00e0 del trattamento basata sul consenso prestato prima della revoca (art. 7 par. 3 Regolamento UE 679\/2016)<br \/>\n\u2022 di presentare formale reclamo al Garante Privacy seguendo le procedure e le indicazioni pubblicate sul sito web ufficiale dell\u2019Autorit\u00e0 su www.garanteprivacy.it (art. 51 Regolamento UE 679\/2016)<\/p>\n<p>Comunicazione di dati all\u2019esterno della struttura del Titolare<br \/>\nI Suoi dati non saranno diffusi e non saranno trasferiti a paesi terzi o ad organizzazioni internazionali.<br \/>\nI dati potranno essere trattati da Autorizzati\/Responsabili interni (Dipendenti, Collaboratori) e\/o Risorse esterne per adempiere a obblighi fiscali\/contabili, per finalit\u00e0 di assistenza tecnica o per altra consulenza necessaria al perseguimento delle finalit\u00e0 dichiarate. L\u2019elenco aggiornato dei soggetti che possono venire a conoscenza dei dati pu\u00f2 essere richiesto al Titolare;<\/p>\n<p>L\u2019esercizio dei diritti non \u00e8 soggetto ad alcun vincolo di forma ed \u00e8 gratuito.<br \/>\nPotr\u00e0 in qualsiasi momento esercitare i propri diritti inviando una raccomandata a.r. a: ANTEPRIMA S.p.A. \u2013 via Montalese 33\/35 \u2013 59013 Montemurlo (PO) oppure una PEC all\u2019indirizzo: anteprima@sicurezzapostale.it<\/p>\n<p>Per dato personale si intende qualsiasi informazione riguardante una persona fisica identificata o identificabile (\u00abinteressato\u00bb); si considera identificabile la persona fisica che pu\u00f2 essere identificata, direttamente o indirettamente, con particolare riferimento a un identificativo come il nome, un numero di identificazione, dati relativi all\u2019ubicazione, un identificativo online o a uno o pi\u00f9 elementi caratteristici della sua identit\u00e0 fisica, fisiologica, genetica, psichica, economica, culturale o sociale;<\/p>\n<p>Per trattamento di dati personali si intende qualsiasi operazione o insieme di operazioni, compiute con o senza l\u2019ausilio di processi automatizzati e applicate a dati personali o insiemi di dati personali, come la raccolta, la registrazione, l\u2019organizzazione, la strutturazione, la conservazione, l\u2019adattamento o la modifica, l\u2019estrazione, la consultazione, l\u2019uso, la comunicazione mediante trasmissione, diffusione o qualsiasi altra forma di messa a disposizione, il raffronto o l\u2019interconnessione, la limitazione, la cancellazione o la distruzione.<\/p>\n<p>Cookie<br \/>\nIn osservanza di quanto previsto dagli artt. 13 e 122 del D.lgs 30 giugno 2003, nonch\u00e9 da quanto previsto dal Provvedimento generale del Garante privacy dell\u20198 maggio 2014, informiamo gli utenti di questo sito della tipologia di cookie dagli stessi utilizzati e delle finalit\u00e0 perseguite con le informazioni acquisite, fornendo altres\u00ec le indicazioni per procedere alla selezione\/deselezione dei singoli cookie.<\/p>\n<p>COSA SONO I COOKIES E PER QUALI FINALITA\u2019 POSSONO ESSERE UTILIZZATI<\/p>\n<p>Un \u201ccookie\u201d \u00e8 un piccolo file di testo creato da alcuni siti web sul computer dell\u2019utente al momento in cui questo accede ad un determinato sito, con lo scopo di immagazzinare e trasportare informazioni. I cookie sono inviati da un server web (che \u00e8 il computer sul quale \u00e8 in esecuzione il sito web visitato) al browser dell\u2019utente (Internet Explorer, Mozilla Firefox, Google Chrome, ecc.) e memorizzati sul computer di quest\u2019ultimo; vengono, quindi, re-inviati al sito web al momento delle visite successive.<\/p>\n<p>Alcune operazioni non potrebbero essere compiute senza l\u2019uso dei cookie, che, in alcuni casi, sono quindi tecnicamente necessari. In altri casi il sito visualizzato utilizza cookie per facilitare e agevolare la navigazione da parte dell\u2019utente o per consentire a questi di usufruire di servizi specificamente richiesti.<\/p>\n<p>I cookie possono rimanere nel sistema anche per lunghi periodi e possono contenere anche un codice identificativo unico. Ci\u00f2 consente ai siti che li utilizzano di tenere traccia della navigazione dell\u2019utente all\u2019interno del sito stesso, per finalit\u00e0 statistiche o pubblicitarie, per creare cio\u00e8 un profilo personalizzato dell\u2019utente a partire dalle pagine che lo stesso ha visitato e mostrargli e\/o inviargli quindi pubblicit\u00e0 mirate.<\/p>\n<p>QUALI COOKIE SONO UTILIZZATI E PER QUALI FINALITA\u2019<\/p>\n<p>Il nostro sito web utilizza diversi tipi di cookie tecnici, ma non profilanti.<br \/>\nIl Titolare, seguendo le indicazioni fornite dall\u2019Autorit\u00e0 Garante nel provvedimento generale dell\u20198 maggio 2014, riporta di seguito le specifiche categorie di cookie adoperati, la finalit\u00e0 e la conseguenza che deriva dalla loro deselezione:<\/p>\n<p>Tipologia Finalit\u00e0 Tempo di conservazione<br \/>\nCookies tecnici Gestione del sito. Consentono il funzionamento e l\u2019esplorazione sicura ed efficiente del sito web Validi per la sessione di navigazione<br \/>\nCookie analytics Raccogliere informazioni in forma aggregata sulla navigazione da parte degli utenti per ottimizzare l\u2019esperienza di navigazione e i servizi stessi. Stabiliti da terze parti, si rimanda all\u2019informativa di cui sotto.<br \/>\nCookie di terze parti<\/p>\n<p>Visitando un sito web si possono ricevere cookie sia dal sito visitato (\u201cproprietari\u201d), sia da siti gestiti da altre organizzazioni (\u201cterze parti\u201d). Un esempio notevole \u00e8 rappresentato dalla presenza dei \u201csocial plugin\u201d per Facebook, Twitter, Google+, LinkedIn e YouTube . Si tratta di parti della pagina visitata generate direttamente dai suddetti siti ed integrati nella pagina del sito ospitante. L\u2019utilizzo pi\u00f9 comune dei social plugin \u00e8 finalizzato alla condivisione dei contenuti sui social network.<\/p>\n<p>La presenza di questi plugin comporta la trasmissione di cookie da e verso tutti i siti gestiti da terze parti. La gestione delle informazioni raccolte da \u201cterze parti\u201d \u00e8 disciplinata dalle relative informative cui si prega di fare riferimento. Per garantire una maggiore trasparenza e comodit\u00e0, si riportano qui di seguito gli indirizzi web delle diverse informative e delle modalit\u00e0 per la gestione dei cookie.<\/p>\n<p>Facebook informativa: https:\/\/www.facebook.com\/help\/cookies\/<br \/>\nFacebook (configurazione): accedere al proprio account. Sezione privacy.<br \/>\nTwitter informative: https:\/\/support.twitter.com\/articles\/20170514<br \/>\nTwitter (configurazione): https:\/\/twitter.com\/settings\/security<br \/>\nLinkedin informativa: https:\/\/www.linkedin.com\/legal\/cookie-policy<br \/>\nLinkedin (configurazione): https:\/\/www.linkedin.com\/settings\/<br \/>\nGoogle+\/YouTube informativa: http:\/\/www.google.it\/intl\/it\/policies\/technologies\/cookies\/<br \/>\nGoogle+\/YouTube (configurazione): http:\/\/www.google.it\/intl\/it\/policies\/technologies\/managing\/<br \/>\nGoogle Analytics<\/p>\n<p>In particolare, si informano gli utenti che il servizio di analisi web che rilasciano cookie utilizzato dal titolare \u00e8 \u201cGoogle Analytics\u201d, di seguito descritto.<\/p>\n<p>Google Analytics \u00e8 un servizio di analisi web fornito da Google, Inc. (\u201cGoogle\u201d) che utilizza dei \u201ccookies\u201d, che vengono depositati sul computer dell\u2019utente per consentire al sito web visitato di analizzare come gli utenti lo utilizzano. Le informazioni generate dal cookie sull\u2019utilizzo del sito web visitato da parte dell\u2019utente (compreso l\u2019 indirizzo IP) verranno trasmesse a Google, e depositate presso i server di Google negli Stati Uniti. Google utilizzer\u00e0 queste informazioni allo scopo di tracciare ed esaminare l\u2019utilizzo del sito web da parte dell\u2019utente, compilare report sulle attivit\u00e0 del sito web per gli operatori del sito e fornire altri servizi relativi alle attivit\u00e0 del sito web e all\u2019utilizzo di Internet. Google pu\u00f2 anche trasferire queste informazioni a terzi ove ci\u00f2 sia imposto dalla legge o laddove tali terzi trattino le suddette informazioni per conto di Google. Google non assocer\u00e0 gli indirizzi IP dell\u2019utente a nessun altro dato posseduto da Google. L\u2019utente pu\u00f2, in qualsiasi momento, rifiutarsi di usare i cookies selezionando l\u2019impostazione appropriata sul proprio browser.<\/p>\n<p>Per consultare l\u2019informativa privacy della societ\u00e0 Google relativa al servizio Google Analytics, nonch\u00e9 esprimere il proprio consenso all\u2019utilizzo dei suddetti cookies, si rinvia al sito Internet http:\/\/www.google.com\/intl\/en\/analytics\/privacyoverview.html.<\/p>\n<p>L\u2019utente pu\u00f2 disabilitare in modo selettivo l\u2019azione di Google Analytics installando sul proprio browser la componente di opt-out fornito da Google. Per disabilitare l\u2019azione di Google Analytics, si rinvia al link di seguito indicato:<\/p>\n<p>https:\/\/tools.google.com\/dlpage\/gaoptout<\/p>\n<p>DOVE POSSO TROVARE MAGGIORI INFORMAZIONI SUI COOKIES E COOKIES DI TERZE PARTI<\/p>\n<p>Garante Privacy<br \/>\nAll About Cookies<br \/>\nYour Online Choices<\/p>\n<p>GESTIONE DEI COOKIE<br \/>\nL\u2019utente pu\u00f2 decidere se accettare o meno i cookie utilizzando le impostazioni del proprio browser.<br \/>\nAttenzione: la disabilitazione totale o parziale dei cookie tecnici pu\u00f2 compromettere l\u2019utilizzo delle funzionalit\u00e0 del sito riservate agli utenti registrati. Al contrario, la fruibilit\u00e0 dei contenuti pubblici \u00e8 possibile anche disabilitando completamente i cookie.<br \/>\nLa disabilitazione dei cookie \u201cterze parti\u201d non pregiudica in alcun modo la navigabilit\u00e0.<br \/>\nL\u2019impostazione pu\u00f2 essere definita in modo specifico per i diversi siti e applicazioni web. Inoltre i migliori browser consentono di definire impostazioni diverse per i cookie \u201cproprietari\u201d e per quelli di \u201cterze parti\u201d.<\/p>\n<p>Di seguito i link per la gestione dei cookie sui vari browser pi\u00f9 diffusi<br \/>\nChrome -&gt; https:\/\/support.google.com\/chrome\/answer\/95647?hl=it<br \/>\nFirefox -&gt; https:\/\/support.mozilla.org\/it\/kb\/Gestione%20dei%20cookie<br \/>\nInternet Explorer -&gt; http:\/\/windows.microsoft.com\/it-IT\/internet-explorer\/delete-manage-cookies<br \/>\nOpera -&gt; http:\/\/help.opera.com\/Windows\/10.00\/it\/cookies.html<br \/>\nSafari -&gt; http:\/\/support.apple.com\/kb\/HT1677?viewlocale=it_IT[\/vc_column_text][vc_empty_space height=&#8221;150px&#8221;][\/vc_column][vc_column][\/vc_column][vc_column][\/vc_column][vc_column][\/vc_column][\/vc_row][vc_row][vc_column][\/vc_column][\/vc_row]<\/p>\n<\/div>","protected":false},"excerpt":{"rendered":"<p>[vc_row][vc_column][vc_empty_space height=&#8221;180px&#8221;][vc_empty_space height=&#8221;50px&#8221;][vc_custom_heading text=&#8221;PRIVACY POLICY&#8221; font_container=&#8221;tag:h1|font_size:36px|text_align:center|color:%23000000|line_height:38px&#8221; use_theme_fonts=&#8221;yes&#8221;][\/vc_column][\/vc_row][vc_row][vc_column][vc_separator color=&#8221;custom&#8221; border_width=&#8221;10&#8243; el_width=&#8221;10&#8243; accent_color=&#8221;#00bbbc&#8221;][vc_column_text el_class=&#8221;boxedcontent&#8221;]Informativa sul trattamento dei dati personali \u2013 Art. 13 \u2013 Regolamento UE 679\/2016 Le suindicate disposizioni normative regolano la riservatezza dei dati personali ed impongono una serie di obblighi in capo a chi tratta informazioni riferite ad altri soggetti. Tra gli adempimenti da rispettare [&hellip;]<\/p>\n","protected":false},"author":4,"featured_media":0,"parent":0,"menu_order":0,"comment_status":"closed","ping_status":"closed","template":"","meta":{"_acf_changed":false,"footnotes":""},"class_list":["post-6044","page","type-page","status-publish","hentry"],"acf":[],"yoast_head":"<!-- This site is optimized with the Yoast SEO plugin v26.4 - https:\/\/yoast.com\/wordpress\/plugins\/seo\/ -->\n<title>Privacy Policy - Anteprima Tessuti<\/title>\n<meta name=\"robots\" content=\"index, follow, max-snippet:-1, max-image-preview:large, max-video-preview:-1\" \/>\n<link rel=\"canonical\" href=\"https:\/\/anteprimatessuti.it\/en\/privacy-policy\/\" \/>\n<meta property=\"og:locale\" content=\"en_US\" \/>\n<meta property=\"og:type\" content=\"article\" \/>\n<meta property=\"og:title\" content=\"Privacy Policy - Anteprima Tessuti\" \/>\n<meta property=\"og:description\" content=\"[vc_row][vc_column][vc_empty_space height=&#8221;180px&#8221;][vc_empty_space height=&#8221;50px&#8221;][vc_custom_heading text=&#8221;PRIVACY POLICY&#8221; font_container=&#8221;tag:h1|font_size:36px|text_align:center|color:%23000000|line_height:38px&#8221; use_theme_fonts=&#8221;yes&#8221;][\/vc_column][\/vc_row][vc_row][vc_column][vc_separator color=&#8221;custom&#8221; border_width=&#8221;10&#8243; el_width=&#8221;10&#8243; accent_color=&#8221;#00bbbc&#8221;][vc_column_text el_class=&#8221;boxedcontent&#8221;]Informativa sul trattamento dei dati personali \u2013 Art. 13 \u2013 Regolamento UE 679\/2016 Le suindicate disposizioni normative regolano la riservatezza dei dati personali ed impongono una serie di obblighi in capo a chi tratta informazioni riferite ad altri soggetti. Tra gli adempimenti da rispettare [&hellip;]\" \/>\n<meta property=\"og:url\" content=\"https:\/\/anteprimatessuti.it\/en\/privacy-policy\/\" \/>\n<meta property=\"og:site_name\" content=\"Anteprima Tessuti\" \/>\n<meta property=\"article:modified_time\" content=\"2024-05-08T15:06:54+00:00\" \/>\n<meta name=\"twitter:card\" content=\"summary_large_image\" \/>\n<meta name=\"twitter:label1\" content=\"Est. reading time\" \/>\n\t<meta name=\"twitter:data1\" content=\"11 minutes\" \/>\n<script type=\"application\/ld+json\" class=\"yoast-schema-graph\">{\"@context\":\"https:\/\/schema.org\",\"@graph\":[{\"@type\":\"WebPage\",\"@id\":\"https:\/\/anteprimatessuti.it\/en\/privacy-policy\/\",\"url\":\"https:\/\/anteprimatessuti.it\/en\/privacy-policy\/\",\"name\":\"Privacy Policy - Anteprima Tessuti\",\"isPartOf\":{\"@id\":\"https:\/\/anteprimatessuti.it\/#website\"},\"datePublished\":\"2019-12-05T17:00:36+00:00\",\"dateModified\":\"2024-05-08T15:06:54+00:00\",\"breadcrumb\":{\"@id\":\"https:\/\/anteprimatessuti.it\/en\/privacy-policy\/#breadcrumb\"},\"inLanguage\":\"en-US\",\"potentialAction\":[{\"@type\":\"ReadAction\",\"target\":[\"https:\/\/anteprimatessuti.it\/en\/privacy-policy\/\"]}]},{\"@type\":\"BreadcrumbList\",\"@id\":\"https:\/\/anteprimatessuti.it\/en\/privacy-policy\/#breadcrumb\",\"itemListElement\":[{\"@type\":\"ListItem\",\"position\":1,\"name\":\"Home\",\"item\":\"https:\/\/anteprimatessuti.it\/\"},{\"@type\":\"ListItem\",\"position\":2,\"name\":\"Privacy Policy\"}]},{\"@type\":\"WebSite\",\"@id\":\"https:\/\/anteprimatessuti.it\/#website\",\"url\":\"https:\/\/anteprimatessuti.it\/\",\"name\":\"Anteprima Tessuti\",\"description\":\"Importazione e distribuzione tessuti Italia\",\"potentialAction\":[{\"@type\":\"SearchAction\",\"target\":{\"@type\":\"EntryPoint\",\"urlTemplate\":\"https:\/\/anteprimatessuti.it\/?s={search_term_string}\"},\"query-input\":{\"@type\":\"PropertyValueSpecification\",\"valueRequired\":true,\"valueName\":\"search_term_string\"}}],\"inLanguage\":\"en-US\"}]}<\/script>\n<!-- \/ Yoast SEO plugin. -->","yoast_head_json":{"title":"Privacy Policy - Anteprima Tessuti","robots":{"index":"index","follow":"follow","max-snippet":"max-snippet:-1","max-image-preview":"max-image-preview:large","max-video-preview":"max-video-preview:-1"},"canonical":"https:\/\/anteprimatessuti.it\/en\/privacy-policy\/","og_locale":"en_US","og_type":"article","og_title":"Privacy Policy - Anteprima Tessuti","og_description":"[vc_row][vc_column][vc_empty_space height=&#8221;180px&#8221;][vc_empty_space height=&#8221;50px&#8221;][vc_custom_heading text=&#8221;PRIVACY POLICY&#8221; font_container=&#8221;tag:h1|font_size:36px|text_align:center|color:%23000000|line_height:38px&#8221; use_theme_fonts=&#8221;yes&#8221;][\/vc_column][\/vc_row][vc_row][vc_column][vc_separator color=&#8221;custom&#8221; border_width=&#8221;10&#8243; el_width=&#8221;10&#8243; accent_color=&#8221;#00bbbc&#8221;][vc_column_text el_class=&#8221;boxedcontent&#8221;]Informativa sul trattamento dei dati personali \u2013 Art. 13 \u2013 Regolamento UE 679\/2016 Le suindicate disposizioni normative regolano la riservatezza dei dati personali ed impongono una serie di obblighi in capo a chi tratta informazioni riferite ad altri soggetti. Tra gli adempimenti da rispettare [&hellip;]","og_url":"https:\/\/anteprimatessuti.it\/en\/privacy-policy\/","og_site_name":"Anteprima Tessuti","article_modified_time":"2024-05-08T15:06:54+00:00","twitter_card":"summary_large_image","twitter_misc":{"Est. reading time":"11 minutes"},"schema":{"@context":"https:\/\/schema.org","@graph":[{"@type":"WebPage","@id":"https:\/\/anteprimatessuti.it\/en\/privacy-policy\/","url":"https:\/\/anteprimatessuti.it\/en\/privacy-policy\/","name":"Privacy Policy - Anteprima Tessuti","isPartOf":{"@id":"https:\/\/anteprimatessuti.it\/#website"},"datePublished":"2019-12-05T17:00:36+00:00","dateModified":"2024-05-08T15:06:54+00:00","breadcrumb":{"@id":"https:\/\/anteprimatessuti.it\/en\/privacy-policy\/#breadcrumb"},"inLanguage":"en-US","potentialAction":[{"@type":"ReadAction","target":["https:\/\/anteprimatessuti.it\/en\/privacy-policy\/"]}]},{"@type":"BreadcrumbList","@id":"https:\/\/anteprimatessuti.it\/en\/privacy-policy\/#breadcrumb","itemListElement":[{"@type":"ListItem","position":1,"name":"Home","item":"https:\/\/anteprimatessuti.it\/"},{"@type":"ListItem","position":2,"name":"Privacy Policy"}]},{"@type":"WebSite","@id":"https:\/\/anteprimatessuti.it\/#website","url":"https:\/\/anteprimatessuti.it\/","name":"Anteprima Tessuti","description":"Importazione e distribuzione tessuti Italia","potentialAction":[{"@type":"SearchAction","target":{"@type":"EntryPoint","urlTemplate":"https:\/\/anteprimatessuti.it\/?s={search_term_string}"},"query-input":{"@type":"PropertyValueSpecification","valueRequired":true,"valueName":"search_term_string"}}],"inLanguage":"en-US"}]}},"_links":{"self":[{"href":"https:\/\/anteprimatessuti.it\/en\/wp-json\/wp\/v2\/pages\/6044","targetHints":{"allow":["GET"]}}],"collection":[{"href":"https:\/\/anteprimatessuti.it\/en\/wp-json\/wp\/v2\/pages"}],"about":[{"href":"https:\/\/anteprimatessuti.it\/en\/wp-json\/wp\/v2\/types\/page"}],"author":[{"embeddable":true,"href":"https:\/\/anteprimatessuti.it\/en\/wp-json\/wp\/v2\/users\/4"}],"replies":[{"embeddable":true,"href":"https:\/\/anteprimatessuti.it\/en\/wp-json\/wp\/v2\/comments?post=6044"}],"version-history":[{"count":6,"href":"https:\/\/anteprimatessuti.it\/en\/wp-json\/wp\/v2\/pages\/6044\/revisions"}],"predecessor-version":[{"id":7557,"href":"https:\/\/anteprimatessuti.it\/en\/wp-json\/wp\/v2\/pages\/6044\/revisions\/7557"}],"wp:attachment":[{"href":"https:\/\/anteprimatessuti.it\/en\/wp-json\/wp\/v2\/media?parent=6044"}],"curies":[{"name":"wp","href":"https:\/\/api.w.org\/{rel}","templated":true}]}}